{"id":103,"date":"2011-12-19T16:24:01","date_gmt":"2011-12-19T16:24:01","guid":{"rendered":"https:\/\/www.cafe-birnbraeuer.de\/?page_id=103"},"modified":"2021-04-12T07:53:43","modified_gmt":"2021-04-12T07:53:43","slug":"impressum","status":"publish","type":"page","link":"https:\/\/www.cafe-birnbraeuer.de\/index.php\/impressum\/","title":{"rendered":"Impressum"},"content":{"rendered":"<p>Cafe Birnbr\u00e4uer<br \/>\nInh. Gisela Birnbr\u00e4uer<\/p>\n<p>Leutkirchstra\u00dfe 2<br \/>\n77723 Gengenbach<\/p>\n<p>Tel.: +49 7803 2220<br \/>\ne-Mail: <a href=\"mailto:info@cafe-birnbraeuer.de\">info@cafe-birnbraeuer.de<br \/>\n<\/a>Internet: www.cafe-birnbraeuer.de<a href=\"mailto:info@cafe-birnbraeuer.de\">&nbsp;<\/a><\/p>\n<p>&nbsp;<\/p>\n<p><strong>Bildnachweise:<\/strong><\/p>\n<p>Hintergrund:&nbsp;<em>\u00a9 Olga Altunina &#8211; Fotolia.com<\/em><\/p>\n<p>&nbsp;<\/p>\n<p><strong>Datenschutzhinweis<br \/>\n<\/strong>Unsere Homepage benutzt Google Analytics, einen Webanalysedienst von Google. Google Analytics verwendet so genannte Cookies (kleine Textdateien), die auf Ihrem Computer gespeichert werden und die eine Analyse der Benutzung der Website durch Sie erm\u00f6glichen. Die durch die Cookie erzeugten Informationen \u00fcber Ihre Benutzung dieser Homepage (einschlie\u00dflich Ihrer IP-Adresse) werden an einen Server von Google in den USA \u00fcbertragen und dort gespeichert. Google wird diese Informationen benutzen, um Ihre Nutzung der Website auszuwerten, um Reports \u00fcber die Websiteaktivit\u00e4ten f\u00fcr die Homepage-Betreiber zusammenzustellen und um weitere mit der Websitenutzung und der Internetnutzung verbundene Dienstleistungen zu erbringen. Auch wird Google diese Informationen gegebenenfalls an Dritte \u00fcbertragen, sofern dieses gesetzlich vorgeschrieben ist oder soweit Dritte diese Daten im Auftrag von Google verarbeiten. Google wird in keinem Fall Ihre IP-Adresse mit anderen Daten von Google in Verbindung bringen. Sie k\u00f6nnen die Installation der Cookies durch eine entsprechende Einstellung in Ihrer Browser-Software verhindern, wir weisen Sie jedoch darauf hin, dass Sie in diesem Fall gegebenenfalls nicht s\u00e4mtliche Funktionen dieser Website in vollem Umfang nutzen k\u00f6nnen. Durch die Nutzung unserer Homepage erkl\u00e4ren Sie sich mit der Bearbeitung, der \u00fcber Sie erhobenen Daten durch Google, in der zuvor beschriebenen Art und Weise und zu dem zuvor benannten Zweck einverstanden.<\/p>\n","protected":false},"excerpt":{"rendered":"<p>Cafe Birnbr\u00e4uer Inh. Gisela Birnbr\u00e4uer Leutkirchstra\u00dfe 2 77723 Gengenbach Tel.: +49 7803 2220 e-Mail: info@cafe-birnbraeuer.de Internet: www.cafe-birnbraeuer.de&nbsp; &nbsp; Bildnachweise: Hintergrund:&nbsp;\u00a9 Olga Altunina &#8211; Fotolia.com &nbsp; Datenschutzhinweis Unsere Homepage benutzt Google Analytics, einen Webanalysedienst von Google. Google Analytics verwendet so genannte &hellip; <a href=\"https:\/\/www.cafe-birnbraeuer.de\/index.php\/impressum\/\">Weiterlesen <span class=\"meta-nav\">&rarr;<\/span><\/a><\/p>\n","protected":false},"author":1,"featured_media":0,"parent":0,"menu_order":0,"comment_status":"closed","ping_status":"closed","template":"","meta":{"ngg_post_thumbnail":0},"_links":{"self":[{"href":"https:\/\/www.cafe-birnbraeuer.de\/index.php\/wp-json\/wp\/v2\/pages\/103"}],"collection":[{"href":"https:\/\/www.cafe-birnbraeuer.de\/index.php\/wp-json\/wp\/v2\/pages"}],"about":[{"href":"https:\/\/www.cafe-birnbraeuer.de\/index.php\/wp-json\/wp\/v2\/types\/page"}],"author":[{"embeddable":true,"href":"https:\/\/www.cafe-birnbraeuer.de\/index.php\/wp-json\/wp\/v2\/users\/1"}],"replies":[{"embeddable":true,"href":"https:\/\/www.cafe-birnbraeuer.de\/index.php\/wp-json\/wp\/v2\/comments?post=103"}],"version-history":[{"count":5,"href":"https:\/\/www.cafe-birnbraeuer.de\/index.php\/wp-json\/wp\/v2\/pages\/103\/revisions"}],"predecessor-version":[{"id":147,"href":"https:\/\/www.cafe-birnbraeuer.de\/index.php\/wp-json\/wp\/v2\/pages\/103\/revisions\/147"}],"wp:attachment":[{"href":"https:\/\/www.cafe-birnbraeuer.de\/index.php\/wp-json\/wp\/v2\/media?parent=103"}],"curies":[{"name":"wp","href":"https:\/\/api.w.org\/{rel}","templated":true}]}}