{"id":2,"date":"2011-12-09T10:14:17","date_gmt":"2011-12-09T10:14:17","guid":{"rendered":"https:\/\/www.cafe-birnbraeuer.de\/?page_id=2"},"modified":"2011-12-19T17:16:08","modified_gmt":"2011-12-19T17:16:08","slug":"startseite","status":"publish","type":"page","link":"https:\/\/www.cafe-birnbraeuer.de\/","title":{"rendered":"Herzlich Willkommen im Cafe Birnbr\u00e4uer"},"content":{"rendered":"<p>F\u00fcr den Familienbetrieb im Herzen der Stadt Gengenbach mit dem Grundsatz\u00a0nur aus den besten Zutaten die besten Confiserie und Conditoreiwaren herzustellen, hat sich der Familienbetrieb weit \u00fcber die Region hinaus einen Namen f\u00fcr erlesene Produktvielfalt mit exzellenter Qualit\u00e4t gemacht.<\/p>\n<p>Nahe der historischen Altstadt ,und seinen verwinkelten G\u00e4sschen,finden Sie unser Kaffeehaus direkt beim Niggelturm (Narrenmuseum).<\/p>\n<p>Genie\u00dfen Sie unsere Spezialit\u00e4ten:<br \/>\nFeinste hausgemachte Pralinen und Konditor-Eis.<\/p>\n<p>G\u00f6nnen Sie sich eine Pause f\u00fcr die Seele,\u00a0und einen Genuss f\u00fcr den Gaumen.<\/p>\n<!-- default-view.php -->\n<div\n\tclass=\"ngg-galleryoverview default-view  ngg-ajax-pagination-none\"\n\tid=\"ngg-gallery-3d01e72e687730be7dfd96ca4123c95e-1\">\n\n\t\t<!-- Thumbnails -->\n\t\t\t\t<div id=\"ngg-image-0\" class=\"ngg-gallery-thumbnail-box \" >\n\t\t\t\t        <div class=\"ngg-gallery-thumbnail\">\n            <a href=\"https:\/\/www.cafe-birnbraeuer.de\/wp-content\/gallery\/starsteite\/cafe-aussen.jpg\"\n               title=\"\"\n               data-src=\"https:\/\/www.cafe-birnbraeuer.de\/wp-content\/gallery\/starsteite\/cafe-aussen.jpg\"\n               data-thumbnail=\"https:\/\/www.cafe-birnbraeuer.de\/wp-content\/gallery\/starsteite\/thumbs\/thumbs_cafe-aussen.jpg\"\n               data-image-id=\"45\"\n               data-title=\"cafe-aussen\"\n               data-description=\"\"\n               data-image-slug=\"cafe-aussen\"\n               class=\"shutterset_3d01e72e687730be7dfd96ca4123c95e\">\n                <img\n                    title=\"cafe-aussen\"\n                    alt=\"cafe-aussen\"\n                    src=\"https:\/\/www.cafe-birnbraeuer.de\/wp-content\/gallery\/starsteite\/thumbs\/thumbs_cafe-aussen.jpg\"\n                    width=\"200\"\n                    height=\"150\"\n                    style=\"max-width:100%;\"\n                \/>\n            <\/a>\n        <\/div>\n\t\t\t\t\t\t\t<\/div> \n\t\t\t\n\t\t\t\t<div id=\"ngg-image-1\" class=\"ngg-gallery-thumbnail-box \" >\n\t\t\t\t        <div class=\"ngg-gallery-thumbnail\">\n            <a href=\"https:\/\/www.cafe-birnbraeuer.de\/wp-content\/gallery\/starsteite\/birnbraeuer.jpg\"\n               title=\"\"\n               data-src=\"https:\/\/www.cafe-birnbraeuer.de\/wp-content\/gallery\/starsteite\/birnbraeuer.jpg\"\n               data-thumbnail=\"https:\/\/www.cafe-birnbraeuer.de\/wp-content\/gallery\/starsteite\/thumbs\/thumbs_birnbraeuer.jpg\"\n               data-image-id=\"30\"\n               data-title=\"birnbraeuer\"\n               data-description=\"\"\n               data-image-slug=\"birnbraeuer\"\n               class=\"shutterset_3d01e72e687730be7dfd96ca4123c95e\">\n                <img\n                    title=\"birnbraeuer\"\n                    alt=\"birnbraeuer\"\n                    src=\"https:\/\/www.cafe-birnbraeuer.de\/wp-content\/gallery\/starsteite\/thumbs\/thumbs_birnbraeuer.jpg\"\n                    width=\"200\"\n                    height=\"150\"\n                    style=\"max-width:100%;\"\n                \/>\n            <\/a>\n        <\/div>\n\t\t\t\t\t\t\t<\/div> \n\t\t\t\n\t\t\t\t<div id=\"ngg-image-2\" class=\"ngg-gallery-thumbnail-box \" >\n\t\t\t\t        <div class=\"ngg-gallery-thumbnail\">\n            <a href=\"https:\/\/www.cafe-birnbraeuer.de\/wp-content\/gallery\/starsteite\/cafe.jpg\"\n               title=\"\"\n               data-src=\"https:\/\/www.cafe-birnbraeuer.de\/wp-content\/gallery\/starsteite\/cafe.jpg\"\n               data-thumbnail=\"https:\/\/www.cafe-birnbraeuer.de\/wp-content\/gallery\/starsteite\/thumbs\/thumbs_cafe.jpg\"\n               data-image-id=\"31\"\n               data-title=\"cafe\"\n               data-description=\"\"\n               data-image-slug=\"cafe\"\n               class=\"shutterset_3d01e72e687730be7dfd96ca4123c95e\">\n                <img\n                    title=\"cafe\"\n                    alt=\"cafe\"\n                    src=\"https:\/\/www.cafe-birnbraeuer.de\/wp-content\/gallery\/starsteite\/thumbs\/thumbs_cafe.jpg\"\n                    width=\"200\"\n                    height=\"150\"\n                    style=\"max-width:100%;\"\n                \/>\n            <\/a>\n        <\/div>\n\t\t\t\t\t\t\t<\/div> \n\t\t\t\n\t\t\t\t<div id=\"ngg-image-3\" class=\"ngg-gallery-thumbnail-box \" >\n\t\t\t\t        <div class=\"ngg-gallery-thumbnail\">\n            <a href=\"https:\/\/www.cafe-birnbraeuer.de\/wp-content\/gallery\/starsteite\/terrasse-birnbraeuer-2013.jpg\"\n               title=\"\"\n               data-src=\"https:\/\/www.cafe-birnbraeuer.de\/wp-content\/gallery\/starsteite\/terrasse-birnbraeuer-2013.jpg\"\n               data-thumbnail=\"https:\/\/www.cafe-birnbraeuer.de\/wp-content\/gallery\/starsteite\/thumbs\/thumbs_terrasse-birnbraeuer-2013.jpg\"\n               data-image-id=\"51\"\n               data-title=\"terrasse-birnbraeuer-2013\"\n               data-description=\"\"\n               data-image-slug=\"terrasse-birnbraeuer-2013\"\n               class=\"shutterset_3d01e72e687730be7dfd96ca4123c95e\">\n                <img\n                    title=\"terrasse-birnbraeuer-2013\"\n                    alt=\"terrasse-birnbraeuer-2013\"\n                    src=\"https:\/\/www.cafe-birnbraeuer.de\/wp-content\/gallery\/starsteite\/thumbs\/thumbs_terrasse-birnbraeuer-2013.jpg\"\n                    width=\"200\"\n                    height=\"150\"\n                    style=\"max-width:100%;\"\n                \/>\n            <\/a>\n        <\/div>\n\t\t\t\t\t\t\t<\/div> \n\t\t\t\n\t\n\t<br style=\"clear: both\" \/>\n\n\t\n\t\t<!-- Pagination -->\n\t<div class='ngg-clear'><\/div>\t<\/div>\n\n<p>&nbsp;<\/p>\n","protected":false},"excerpt":{"rendered":"<p>F\u00fcr den Familienbetrieb im Herzen der Stadt Gengenbach mit dem Grundsatz\u00a0nur aus den besten Zutaten die besten Confiserie und Conditoreiwaren herzustellen, hat sich der Familienbetrieb weit \u00fcber die Region hinaus einen Namen f\u00fcr erlesene Produktvielfalt mit exzellenter Qualit\u00e4t gemacht. Nahe &hellip; <a href=\"https:\/\/www.cafe-birnbraeuer.de\/\">Weiterlesen <span class=\"meta-nav\">&rarr;<\/span><\/a><\/p>\n","protected":false},"author":1,"featured_media":0,"parent":0,"menu_order":0,"comment_status":"closed","ping_status":"closed","template":"","meta":{"ngg_post_thumbnail":0},"_links":{"self":[{"href":"https:\/\/www.cafe-birnbraeuer.de\/index.php\/wp-json\/wp\/v2\/pages\/2"}],"collection":[{"href":"https:\/\/www.cafe-birnbraeuer.de\/index.php\/wp-json\/wp\/v2\/pages"}],"about":[{"href":"https:\/\/www.cafe-birnbraeuer.de\/index.php\/wp-json\/wp\/v2\/types\/page"}],"author":[{"embeddable":true,"href":"https:\/\/www.cafe-birnbraeuer.de\/index.php\/wp-json\/wp\/v2\/users\/1"}],"replies":[{"embeddable":true,"href":"https:\/\/www.cafe-birnbraeuer.de\/index.php\/wp-json\/wp\/v2\/comments?post=2"}],"version-history":[{"count":18,"href":"https:\/\/www.cafe-birnbraeuer.de\/index.php\/wp-json\/wp\/v2\/pages\/2\/revisions"}],"predecessor-version":[{"id":9,"href":"https:\/\/www.cafe-birnbraeuer.de\/index.php\/wp-json\/wp\/v2\/pages\/2\/revisions\/9"}],"wp:attachment":[{"href":"https:\/\/www.cafe-birnbraeuer.de\/index.php\/wp-json\/wp\/v2\/media?parent=2"}],"curies":[{"name":"wp","href":"https:\/\/api.w.org\/{rel}","templated":true}]}}