{"id":29,"date":"2011-12-09T14:54:13","date_gmt":"2011-12-09T14:54:13","guid":{"rendered":"https:\/\/www.cafe-birnbraeuer.de\/?page_id=29"},"modified":"2011-12-15T12:01:58","modified_gmt":"2011-12-15T12:01:58","slug":"konditor-eis","status":"publish","type":"page","link":"https:\/\/www.cafe-birnbraeuer.de\/index.php\/konditor-eis\/","title":{"rendered":"Konditor-Eis"},"content":{"rendered":"<p>Lust auf Eis?<br \/>\nVom Vanille-Eis bis Zitronen-Eis jede Kugel ein Genuss.<br \/>\nWir bieten Ihnen hausgemachtes Konditoreneis und verwenden hierf\u00fcr frische Milch und Sahne, frische Fr\u00fcchte oder pasteuriesierte Fr\u00fcchtep\u00fcree.<\/p>\n<!-- default-view.php -->\n<div\n\tclass=\"ngg-galleryoverview default-view  ngg-ajax-pagination-none\"\n\tid=\"ngg-gallery-f7ebfa60e4d275d7d29675f0af8a5bdd-1\">\n\n\t\t<!-- Thumbnails -->\n\t\t\t\t<div id=\"ngg-image-0\" class=\"ngg-gallery-thumbnail-box \" >\n\t\t\t\t        <div class=\"ngg-gallery-thumbnail\">\n            <a href=\"https:\/\/www.cafe-birnbraeuer.de\/wp-content\/gallery\/konditor-eis\/eiswerbung05.jpg\"\n               title=\"\"\n               data-src=\"https:\/\/www.cafe-birnbraeuer.de\/wp-content\/gallery\/konditor-eis\/eiswerbung05.jpg\"\n               data-thumbnail=\"https:\/\/www.cafe-birnbraeuer.de\/wp-content\/gallery\/konditor-eis\/thumbs\/thumbs_eiswerbung05.jpg\"\n               data-image-id=\"21\"\n               data-title=\"eiswerbung05\"\n               data-description=\"\"\n               data-image-slug=\"eiswerbung05\"\n               class=\"shutterset_f7ebfa60e4d275d7d29675f0af8a5bdd\">\n                <img\n                    title=\"eiswerbung05\"\n                    alt=\"eiswerbung05\"\n                    src=\"https:\/\/www.cafe-birnbraeuer.de\/wp-content\/gallery\/konditor-eis\/thumbs\/thumbs_eiswerbung05.jpg\"\n                    width=\"200\"\n                    height=\"150\"\n                    style=\"max-width:100%;\"\n                \/>\n            <\/a>\n        <\/div>\n\t\t\t\t\t\t\t<\/div> \n\t\t\t\n\t\t\t\t<div id=\"ngg-image-1\" class=\"ngg-gallery-thumbnail-box \" >\n\t\t\t\t        <div class=\"ngg-gallery-thumbnail\">\n            <a href=\"https:\/\/www.cafe-birnbraeuer.de\/wp-content\/gallery\/konditor-eis\/eiswerbung01.jpg\"\n               title=\"\"\n               data-src=\"https:\/\/www.cafe-birnbraeuer.de\/wp-content\/gallery\/konditor-eis\/eiswerbung01.jpg\"\n               data-thumbnail=\"https:\/\/www.cafe-birnbraeuer.de\/wp-content\/gallery\/konditor-eis\/thumbs\/thumbs_eiswerbung01.jpg\"\n               data-image-id=\"39\"\n               data-title=\"eiswerbung01\"\n               data-description=\"\"\n               data-image-slug=\"eiswerbung01\"\n               class=\"shutterset_f7ebfa60e4d275d7d29675f0af8a5bdd\">\n                <img\n                    title=\"eiswerbung01\"\n                    alt=\"eiswerbung01\"\n                    src=\"https:\/\/www.cafe-birnbraeuer.de\/wp-content\/gallery\/konditor-eis\/thumbs\/thumbs_eiswerbung01.jpg\"\n                    width=\"200\"\n                    height=\"150\"\n                    style=\"max-width:100%;\"\n                \/>\n            <\/a>\n        <\/div>\n\t\t\t\t\t\t\t<\/div> \n\t\t\t\n\t\t\t\t<div id=\"ngg-image-2\" class=\"ngg-gallery-thumbnail-box \" >\n\t\t\t\t        <div class=\"ngg-gallery-thumbnail\">\n            <a href=\"https:\/\/www.cafe-birnbraeuer.de\/wp-content\/gallery\/konditor-eis\/eiswerbung02.jpg\"\n               title=\"\"\n               data-src=\"https:\/\/www.cafe-birnbraeuer.de\/wp-content\/gallery\/konditor-eis\/eiswerbung02.jpg\"\n               data-thumbnail=\"https:\/\/www.cafe-birnbraeuer.de\/wp-content\/gallery\/konditor-eis\/thumbs\/thumbs_eiswerbung02.jpg\"\n               data-image-id=\"40\"\n               data-title=\"eiswerbung02\"\n               data-description=\"\"\n               data-image-slug=\"eiswerbung02\"\n               class=\"shutterset_f7ebfa60e4d275d7d29675f0af8a5bdd\">\n                <img\n                    title=\"eiswerbung02\"\n                    alt=\"eiswerbung02\"\n                    src=\"https:\/\/www.cafe-birnbraeuer.de\/wp-content\/gallery\/konditor-eis\/thumbs\/thumbs_eiswerbung02.jpg\"\n                    width=\"200\"\n                    height=\"150\"\n                    style=\"max-width:100%;\"\n                \/>\n            <\/a>\n        <\/div>\n\t\t\t\t\t\t\t<\/div> \n\t\t\t\n\t\t\t\t<div id=\"ngg-image-3\" class=\"ngg-gallery-thumbnail-box \" >\n\t\t\t\t        <div class=\"ngg-gallery-thumbnail\">\n            <a href=\"https:\/\/www.cafe-birnbraeuer.de\/wp-content\/gallery\/konditor-eis\/eiswerbung03.jpg\"\n               title=\"\"\n               data-src=\"https:\/\/www.cafe-birnbraeuer.de\/wp-content\/gallery\/konditor-eis\/eiswerbung03.jpg\"\n               data-thumbnail=\"https:\/\/www.cafe-birnbraeuer.de\/wp-content\/gallery\/konditor-eis\/thumbs\/thumbs_eiswerbung03.jpg\"\n               data-image-id=\"41\"\n               data-title=\"eiswerbung03\"\n               data-description=\"\"\n               data-image-slug=\"eiswerbung03\"\n               class=\"shutterset_f7ebfa60e4d275d7d29675f0af8a5bdd\">\n                <img\n                    title=\"eiswerbung03\"\n                    alt=\"eiswerbung03\"\n                    src=\"https:\/\/www.cafe-birnbraeuer.de\/wp-content\/gallery\/konditor-eis\/thumbs\/thumbs_eiswerbung03.jpg\"\n                    width=\"200\"\n                    height=\"150\"\n                    style=\"max-width:100%;\"\n                \/>\n            <\/a>\n        <\/div>\n\t\t\t\t\t\t\t<\/div> \n\t\t\t\n\t\t\t\t<div id=\"ngg-image-4\" class=\"ngg-gallery-thumbnail-box \" >\n\t\t\t\t        <div class=\"ngg-gallery-thumbnail\">\n            <a href=\"https:\/\/www.cafe-birnbraeuer.de\/wp-content\/gallery\/konditor-eis\/eiswerbung04.jpg\"\n               title=\"\"\n               data-src=\"https:\/\/www.cafe-birnbraeuer.de\/wp-content\/gallery\/konditor-eis\/eiswerbung04.jpg\"\n               data-thumbnail=\"https:\/\/www.cafe-birnbraeuer.de\/wp-content\/gallery\/konditor-eis\/thumbs\/thumbs_eiswerbung04.jpg\"\n               data-image-id=\"42\"\n               data-title=\"eiswerbung04\"\n               data-description=\"\"\n               data-image-slug=\"eiswerbung04\"\n               class=\"shutterset_f7ebfa60e4d275d7d29675f0af8a5bdd\">\n                <img\n                    title=\"eiswerbung04\"\n                    alt=\"eiswerbung04\"\n                    src=\"https:\/\/www.cafe-birnbraeuer.de\/wp-content\/gallery\/konditor-eis\/thumbs\/thumbs_eiswerbung04.jpg\"\n                    width=\"200\"\n                    height=\"150\"\n                    style=\"max-width:100%;\"\n                \/>\n            <\/a>\n        <\/div>\n\t\t\t\t\t\t\t<\/div> \n\t\t\t\n\t\t\t\t<div id=\"ngg-image-5\" class=\"ngg-gallery-thumbnail-box \" >\n\t\t\t\t        <div class=\"ngg-gallery-thumbnail\">\n            <a href=\"https:\/\/www.cafe-birnbraeuer.de\/wp-content\/gallery\/konditor-eis\/eiswerbung06.jpg\"\n               title=\"\"\n               data-src=\"https:\/\/www.cafe-birnbraeuer.de\/wp-content\/gallery\/konditor-eis\/eiswerbung06.jpg\"\n               data-thumbnail=\"https:\/\/www.cafe-birnbraeuer.de\/wp-content\/gallery\/konditor-eis\/thumbs\/thumbs_eiswerbung06.jpg\"\n               data-image-id=\"43\"\n               data-title=\"eiswerbung06\"\n               data-description=\"\"\n               data-image-slug=\"eiswerbung06\"\n               class=\"shutterset_f7ebfa60e4d275d7d29675f0af8a5bdd\">\n                <img\n                    title=\"eiswerbung06\"\n                    alt=\"eiswerbung06\"\n                    src=\"https:\/\/www.cafe-birnbraeuer.de\/wp-content\/gallery\/konditor-eis\/thumbs\/thumbs_eiswerbung06.jpg\"\n                    width=\"200\"\n                    height=\"150\"\n                    style=\"max-width:100%;\"\n                \/>\n            <\/a>\n        <\/div>\n\t\t\t\t\t\t\t<\/div> \n\t\t\t\n\t\n\t<br style=\"clear: both\" \/>\n\n\t\n\t\t<!-- Pagination -->\n\t<div class='ngg-clear'><\/div>\t<\/div>\n\n","protected":false},"excerpt":{"rendered":"<p>Lust auf Eis? Vom Vanille-Eis bis Zitronen-Eis jede Kugel ein Genuss. Wir bieten Ihnen hausgemachtes Konditoreneis und verwenden hierf\u00fcr frische Milch und Sahne, frische Fr\u00fcchte oder pasteuriesierte Fr\u00fcchtep\u00fcree.<\/p>\n","protected":false},"author":1,"featured_media":0,"parent":0,"menu_order":40,"comment_status":"closed","ping_status":"closed","template":"","meta":{"ngg_post_thumbnail":0},"_links":{"self":[{"href":"https:\/\/www.cafe-birnbraeuer.de\/index.php\/wp-json\/wp\/v2\/pages\/29"}],"collection":[{"href":"https:\/\/www.cafe-birnbraeuer.de\/index.php\/wp-json\/wp\/v2\/pages"}],"about":[{"href":"https:\/\/www.cafe-birnbraeuer.de\/index.php\/wp-json\/wp\/v2\/types\/page"}],"author":[{"embeddable":true,"href":"https:\/\/www.cafe-birnbraeuer.de\/index.php\/wp-json\/wp\/v2\/users\/1"}],"replies":[{"embeddable":true,"href":"https:\/\/www.cafe-birnbraeuer.de\/index.php\/wp-json\/wp\/v2\/comments?post=29"}],"version-history":[{"count":4,"href":"https:\/\/www.cafe-birnbraeuer.de\/index.php\/wp-json\/wp\/v2\/pages\/29\/revisions"}],"predecessor-version":[{"id":98,"href":"https:\/\/www.cafe-birnbraeuer.de\/index.php\/wp-json\/wp\/v2\/pages\/29\/revisions\/98"}],"wp:attachment":[{"href":"https:\/\/www.cafe-birnbraeuer.de\/index.php\/wp-json\/wp\/v2\/media?parent=29"}],"curies":[{"name":"wp","href":"https:\/\/api.w.org\/{rel}","templated":true}]}}